{"id":917,"date":"2019-05-09T17:38:29","date_gmt":"2019-05-09T17:38:29","guid":{"rendered":"http:\/\/fuer-kaliningrad.de\/?page_id=917"},"modified":"2019-05-09T17:38:29","modified_gmt":"2019-05-09T17:38:29","slug":"datenschutz","status":"publish","type":"page","link":"https:\/\/fuer-kaliningrad.de\/?page_id=917","title":{"rendered":"Datenschutz"},"content":{"rendered":"\n<style type=\"text\/css\" data-created_by=\"avia_inline_auto\" id=\"style-css-av-19cx59-a25531ab8d18b0755ece648e928c774a\">\n.avia-section.av-19cx59-a25531ab8d18b0755ece648e928c774a{\nbackground-repeat:no-repeat;\nbackground-image:url(https:\/\/fuer-kaliningrad.de\/wp-content\/uploads\/2015\/05\/wheat-background-1.jpg);\nbackground-position:50% 50%;\nbackground-attachment:fixed;\n}\n.avia-section.av-19cx59-a25531ab8d18b0755ece648e928c774a .av-section-color-overlay{\nopacity:0.3;\nbackground-color:#000000;\n}\n<\/style>\n<div id='av_section_1'  class='avia-section av-19cx59-a25531ab8d18b0755ece648e928c774a main_color avia-section-large avia-no-shadow  avia-builder-el-0  el_before_av_section  avia-builder-el-first  avia-full-stretch avia-bg-style-fixed av-section-color-overlay-active container_wrap sidebar_right'  data-section-bg-repeat='stretch'><div class=\"av-section-color-overlay-wrap\"><div class=\"av-section-color-overlay\"><\/div><div class='container av-section-cont-open' ><main  role=\"main\" itemprop=\"mainContentOfPage\"  class='template-page content  av-content-small alpha units'><div class='post-entry post-entry-type-page post-entry-917'><div class='entry-content-wrapper clearfix'>\n<style type=\"text\/css\" data-created_by=\"avia_inline_auto\" id=\"style-css-av-jvgxn6w0-e938c50636782b43380b1748100e8cef\">\n#top .av-special-heading.av-jvgxn6w0-e938c50636782b43380b1748100e8cef{\npadding-bottom:0;\ncolor:#ffffff;\nfont-size:50px;\n}\nbody .av-special-heading.av-jvgxn6w0-e938c50636782b43380b1748100e8cef .av-special-heading-tag .heading-char{\nfont-size:25px;\n}\n#top #wrap_all .av-special-heading.av-jvgxn6w0-e938c50636782b43380b1748100e8cef .av-special-heading-tag{\nfont-size:50px;\n}\n.av-special-heading.av-jvgxn6w0-e938c50636782b43380b1748100e8cef .special-heading-inner-border{\nborder-color:#ffffff;\n}\n.av-special-heading.av-jvgxn6w0-e938c50636782b43380b1748100e8cef .av-subheading{\nfont-size:15px;\n}\n\n@media only screen and (min-width: 480px) and (max-width: 767px){ \n#top #wrap_all .av-special-heading.av-jvgxn6w0-e938c50636782b43380b1748100e8cef .av-special-heading-tag{\nfont-size:0.8em;\n}\n}\n\n@media only screen and (max-width: 479px){ \n#top #wrap_all .av-special-heading.av-jvgxn6w0-e938c50636782b43380b1748100e8cef .av-special-heading-tag{\nfont-size:0.8em;\n}\n}\n<\/style>\n<div  class='av-special-heading av-jvgxn6w0-e938c50636782b43380b1748100e8cef av-special-heading-h3 custom-color-heading blockquote modern-quote modern-centered  avia-builder-el-1  el_before_av_hr  avia-builder-el-first  av-inherit-size'><h3 class='av-special-heading-tag '  itemprop=\"headline\"  >Datenschutz<\/h3><div class=\"special-heading-border\"><div class=\"special-heading-inner-border\"><\/div><\/div><\/div>\n\n<style type=\"text\/css\" data-created_by=\"avia_inline_auto\" id=\"style-css-av-11p8rh-3d80b1bb41624229f66aa8a89dad7018\">\n#top .hr.av-11p8rh-3d80b1bb41624229f66aa8a89dad7018{\nmargin-top:30px;\nmargin-bottom:30px;\n}\n.hr.av-11p8rh-3d80b1bb41624229f66aa8a89dad7018 .hr-inner{\nwidth:20%;\nborder-color:rgba(255,255,255,0.76);\nmax-width:45%;\n}\n.hr.av-11p8rh-3d80b1bb41624229f66aa8a89dad7018 .av-seperator-icon{\ncolor:#ffffff;\n}\n.hr.av-11p8rh-3d80b1bb41624229f66aa8a89dad7018 .av-seperator-icon.avia-svg-icon svg:first-child{\nfill:#ffffff;\nstroke:#ffffff;\n}\n<\/style>\n<div  class='hr av-11p8rh-3d80b1bb41624229f66aa8a89dad7018 hr-custom  avia-builder-el-2  el_after_av_heading  avia-builder-el-last  hr-center hr-icon-yes'><span class='hr-inner inner-border-av-border-thin'><span class=\"hr-inner-style\"><\/span><\/span><span class='av-seperator-icon avia-iconfont avia-font-entypo-fontello' data-av_icon='\ue8bf' data-av_iconfont='entypo-fontello' ><\/span><span class='hr-inner inner-border-av-border-thin'><span class=\"hr-inner-style\"><\/span><\/span><\/div>\n<\/div><\/div><\/main><!-- close content main element --><\/div><\/div><\/div><div id='av_section_2'  class='avia-section av-8j2ea-36ccba21dc3afdc97b03a475df2d4057 main_color avia-section-default avia-no-border-styling  avia-builder-el-3  el_after_av_section  el_before_av_masonry_gallery  avia-bg-style-scroll container_wrap sidebar_right'  ><div class='container av-section-cont-open' ><div class='template-page content  av-content-small alpha units'><div class='post-entry post-entry-type-page post-entry-917'><div class='entry-content-wrapper clearfix'>\n<div class='flex_column_table av-811pi-a797938838ed7a88a0b5723ebd0ad72e sc-av_one_full av-equal-height-column-flextable'>\n<style type=\"text\/css\" data-created_by=\"avia_inline_auto\" id=\"style-css-av-811pi-a797938838ed7a88a0b5723ebd0ad72e\">\n#top .flex_column_table.av-equal-height-column-flextable.av-811pi-a797938838ed7a88a0b5723ebd0ad72e{\nmargin-top:-90px;\nmargin-bottom:0px;\n}\n.flex_column.av-811pi-a797938838ed7a88a0b5723ebd0ad72e{\nborder-radius:0px 0px 0px 0px;\npadding:30px 30px 30px 30px;\nbackground-color:#ffffff;\n}\n<\/style>\n<div  class='flex_column av-811pi-a797938838ed7a88a0b5723ebd0ad72e av_one_full  avia-builder-el-4  avia-builder-el-no-sibling  first no_margin flex_column_table_cell av-equal-height-column av-align-top  '     ><p>\n<style type=\"text\/css\" data-created_by=\"avia_inline_auto\" id=\"style-css-av-av_heading-15b65c275d8d0ce16c83b31546fe2684\">\n#top .av-special-heading.av-av_heading-15b65c275d8d0ce16c83b31546fe2684{\npadding-bottom:0;\nfont-size:30px;\n}\nbody .av-special-heading.av-av_heading-15b65c275d8d0ce16c83b31546fe2684 .av-special-heading-tag .heading-char{\nfont-size:25px;\n}\n#top #wrap_all .av-special-heading.av-av_heading-15b65c275d8d0ce16c83b31546fe2684 .av-special-heading-tag{\nfont-size:30px;\n}\n.av-special-heading.av-av_heading-15b65c275d8d0ce16c83b31546fe2684 .av-subheading{\nfont-size:13px;\n}\n\n@media only screen and (min-width: 480px) and (max-width: 767px){ \n#top #wrap_all .av-special-heading.av-av_heading-15b65c275d8d0ce16c83b31546fe2684 .av-special-heading-tag{\nfont-size:0.8em;\n}\n}\n\n@media only screen and (max-width: 479px){ \n#top #wrap_all .av-special-heading.av-av_heading-15b65c275d8d0ce16c83b31546fe2684 .av-special-heading-tag{\nfont-size:0.8em;\n}\n}\n<\/style>\n<div  class='av-special-heading av-av_heading-15b65c275d8d0ce16c83b31546fe2684 av-special-heading-h3 blockquote modern-quote modern-centered  avia-builder-el-5  el_before_av_hr  avia-builder-el-first  av-inherit-size'><h3 class='av-special-heading-tag '  itemprop=\"headline\"  >Datenschutzerkl\u00e4rung<\/h3><div class='av-subheading av-subheading_below'><p>Sie wollen mehr \u00fcber unseren Verein erfahren? Dann nehmen Sie doch einfach Kontakt mit uns auf!<\/p>\n<\/div><div class=\"special-heading-border\"><div class=\"special-heading-inner-border\"><\/div><\/div><\/div><br \/>\n\n<style type=\"text\/css\" data-created_by=\"avia_inline_auto\" id=\"style-css-av-6ykty-68a81e13759380f9613edcf10ea00642\">\n#top .hr.av-6ykty-68a81e13759380f9613edcf10ea00642{\nmargin-top:30px;\nmargin-bottom:30px;\n}\n.hr.av-6ykty-68a81e13759380f9613edcf10ea00642 .hr-inner{\nwidth:20%;\nmax-width:45%;\n}\n<\/style>\n<div  class='hr av-6ykty-68a81e13759380f9613edcf10ea00642 hr-custom  avia-builder-el-6  el_after_av_heading  el_before_av_textblock  hr-center hr-icon-yes'><span class='hr-inner inner-border-av-border-thin'><span class=\"hr-inner-style\"><\/span><\/span><span class='av-seperator-icon avia-iconfont avia-font-entypo-fontello' data-av_icon='\ue8bf' data-av_iconfont='entypo-fontello' ><\/span><span class='hr-inner inner-border-av-border-thin'><span class=\"hr-inner-style\"><\/span><\/span><\/div><br \/>\n<section  class='av_textblock_section av-6e89q-196fd63ec8722dd040501fc59182be28 '   itemscope=\"itemscope\" itemtype=\"https:\/\/schema.org\/CreativeWork\" ><div class='avia_textblock'  itemprop=\"text\" ><h4 class=\"av-special-heading-tag \">\u00a0<\/h4>\n<p>Den Schutz Ihrer pers\u00f6nlichen Daten nehmen wir ernst, auch anl\u00e4sslich Ihres Besuches auf unserer Homepage. Ihre Daten werden so gesch\u00fctzt, wie es die gesetzlichen Vorschriften, insbesondere die neue Datenschutz Grundverordnung (DSGVO) vorsieht. Nachfolgend finden Sie Informationen, welche Daten w\u00e4hrend Ihres Besuches auf der Homepage erfasst und wie diese genutzt werden:<\/p>\n<p><strong>1. ALLGEMEINE HINWEISE UND PFLICHTINFORMATIONEN<\/strong><\/p>\n<p><em>Datenschutz<\/em><br \/>Die Nutzung unserer Webseite ist ohne eine Angabe von personenbezogenen Daten m\u00f6glich. F\u00fcr die Nutzung einzelner Services unserer Webseite k\u00f6nnen sich hierf\u00fcr abweichende Regelungen ergeben, die in diesem Falle nachstehend gesondert erl\u00e4utert werden.<br \/>Ihre personenbezogenen Daten (z.B. Name, E-Mail, u.\u00e4.) werden von uns nur gem\u00e4\u00df den Bestimmungen des deutschen Datenschutzrechts verarbeitet. Daten sind dann personenbezogen, wenn sie eindeutig einer bestimmten nat\u00fcrlichen Person zugeordnet werden k\u00f6nnen.<br \/>Die rechtlichen Grundlagen des Datenschutzes finden Sie im Bundesdatenschutzgesetz (BDSG), dem Telemediengesetz (TMG) sowie der ab 25. Mai 2018 g\u00fcltigen Datenschutz Grundverordnung (DSGVO). Nachstehende Regelungen informieren Sie insoweit \u00fcber die Art, den Umfang und Zweck der Erhebung, die Nutzung und die Verarbeitung von personenbezogenen Daten durch den Anbieter.<br \/>Wir weisen darauf hin, dass die internetbasierte Daten\u00fcbertragung Sicherheitsl\u00fccken aufweist, ein l\u00fcckenloser Schutz vor Zugriffen durch Dritte somit unm\u00f6glich ist.<\/p>\n<p><em>Hinweis zur verantwortlichen Stelle<\/em><br \/>Die verantwortliche Stelle f\u00fcr die Datenverarbeitung auf dieser Website ist:<br \/>F\u00f6rderverein f\u00fcr Jugendbildung und Wirtschaftsbeziehungen Norddeutschland \u2013 Kaliningrad e.V.<br \/>Maria-Goeppert-Stra\u00dfe 1, 23562 L\u00fcbeck<br \/>Tel.: 0172-1824815<br \/>E-Mail: info@fuer-kaliningrad.de<\/p>\n<p>Verantwortliche Stelle ist die nat\u00fcrliche oder juristische Person, die allein oder gemeinsam mit anderen \u00fcber die Zwecke und Mittel der Verarbeitung von personenbezogenen Daten (z.B. Namen, E-Mail- Adressen o. \u00c4.) entscheidet.<\/p>\n<p><em>Gespeicherte Daten<\/em><br \/>Unvermeidlich ist, dass in den Serverstatistiken automatisch solche Daten gespeichert werden, die Ihr Browser uns \u00fcbermittelt. Diese Speicherung dient lediglich internen systembezogenen und statistischen Zwecken. Weitergehende personenbezogene Daten werden nur erfasst, wenn Sie diese Angaben freiwillig, etwa im Rahmen einer Anfrage und machen. Die oben genannten Daten sind f\u00fcr uns in der Regel nicht bestimmten Personen zuordenbar, eine Zusammenf\u00fchrung dieser Daten mit anderen Datenquellen wird nicht vorgenommen.<\/p>\n<p><em>\u00a0Nutzung und Weitergabe personenbezogener Daten<\/em><br \/>Soweit Sie uns personenbezogene Daten zur Verf\u00fcgung gestellt haben, verwenden wir diese nur zur Beantwortung Ihrer Anfragen, zur Abwicklung mit uns geschlossener Vertr\u00e4ge und f\u00fcr die technische Administration. Ihre personenbezogenen Daten werden an Dritte nur weitergegeben oder sonst \u00fcbermittelt, wenn dies zum Zwecke der Vertragsabwicklung oder der Abrechnung erforderlich ist oder Sie zuvor eingewilligt haben. Sie haben das Recht, eine erteilte Einwilligung mit Wirkung f\u00fcr die Zukunft jederzeit zu widerrufen. Die L\u00f6schung der gespeicherten personenbezogenen Daten erfolgt, wenn Sie Ihre Einwilligung zur Speicherung widerrufen, wenn ihre Kenntnis zur Erf\u00fcllung des mit der Speicherung verfolgten Zwecks nicht mehr erforderlich ist oder wenn ihre Speicherung aus sonstigen gesetzlichen Gr\u00fcnden unzul\u00e4ssig ist.<br \/>Die L\u00f6schung der Daten erfolgt nach Ablauf gesetzlicher Gew\u00e4hrleistungs- und vergleichbarer Pflichten, die Erforderlichkeit der Aufbewahrung der Daten wird alle drei Jahre \u00fcberpr\u00fcft; im Fall der gesetzlichen Archivierungspflichten erfolgt die L\u00f6schung nach deren Ablauf. Angaben im etwaigen Kundenkonto verbleiben bis zu dessen L\u00f6schung.<br \/>In keinem Fall werden Ihre personengebundenen Daten zu Werbe- oder Marketingzwecken oder unbefugt zu anderen Zwecken Dritten \u00fcbermitteln oder weitergeben.<\/p>\n<p><strong>2. EINSATZ VON TOOLS<\/strong><\/p>\n<p><em>Einsatz von Google Maps<\/em><br \/>Wir setzen auf unserer Seite die Komponente \u201eGoogle Maps\u201c der Firma Google Inc., 1600 Amphitheatre Parkway, Mountain View, CA 94043 USA, nachfolgend \u201eGoogle\u201c, ein.<br \/>Bei jedem einzelnen Aufruf der Komponente \u201eGoogle Maps\u201c wird von Google ein Cookie gesetzt, um bei der Anzeige der Seite, auf der die Komponente \u201eGoogle Maps\u201c integriert ist, Nutzereinstellungen und -daten zu verarbeiten. Dieses Cookie wird im Regelfall nicht durch das Schlie\u00dfen des Browsers gel\u00f6scht, sondern l\u00e4uft nach einer bestimmten Zeit ab, soweit es nicht von Ihnen zuvor manuell gel\u00f6scht wird.<br \/>Wenn Sie mit dieser Verarbeitung Ihrer Daten nicht einverstanden sind, so besteht die M\u00f6glichkeit, den Service von \u201eGoogle Maps\u201c zu deaktivieren und auf diesem Weg die \u00dcbertragung von Daten an Google zu verhindern. Dazu m\u00fcssen Sie die Java-Script-Funktion in Ihrem Browser deaktivieren. Wir weisen Sie jedoch darauf hin, dass Sie in diesem Fall die \u201eGoogle Maps\u201c nicht oder nur eingeschr\u00e4nkt nutzen k\u00f6nnen.<br \/>Die Nutzung von \u201eGoogle Maps\u201c und der \u00fcber \u201eGoogle Maps\u201c erlangten Informationen erfolgt gem\u00e4\u00df den Google-Nutzungsbedingungen<br \/>http:\/\/www.google.de\/intl\/de\/policies\/terms\/regional.html<br \/>sowie der zus\u00e4tzlichen Gesch\u00e4ftsbedingungen f\u00fcr \u201eGoogle Maps\u201c<br \/>https:\/\/www.google.com\/intl\/de_de\/help\/terms_maps.html.<\/p>\n<p><strong>3. LINKS UND WERBEMAILS LINKS ZU ANDEREN WEBSITES<\/strong><\/p>\n<p><em>Links zu anderen Webseites<\/em><br \/>Webseiten anderer Anbieter, die auf unserer Website verlinkt werden, wurden von Dritten gestaltet und bereitgestellt. Wir haben keinen Einfluss auf Gestaltung, Inhalt und Funktion dieser verlinkten Webseiten. Bitte beachten Sie, dass die auf unserer Website verlinkten Webseiten Dritter m\u00f6glicherweise eigene Cookies auf Ihrem Rechner installieren bzw. personenbezogene Daten erheben. Bitte informieren Sie sich insoweit ggf. direkt bei den Anbietern dieser verlinkten Webseiten.<\/p>\n<p><em>\u00a0Widerspruch Werbemails<\/em><br \/>Der Nutzung von im Rahmen der Impressumspflicht ver\u00f6ffentlichten Kontaktdaten zur \u00dcbersendung von nicht ausdr\u00fccklich angeforderter Werbung und Informationsmaterialien wird hiermit widersprochen. Die Betreiber der Seiten behalten sich ausdr\u00fccklich rechtliche Schritte im Falle der unverlangten Zusendung von Werbeinformationen, etwa durch Spam-E- Mails, vor.<\/p>\n<p><strong>4. AUSKUNFT\/WIDERRUF\/L\u00d6SCHUNG<\/strong><\/p>\n<p>Sie k\u00f6nnen sich bei Fragen zur Erhebung, Verarbeitung oder Nutzung Ihrer personenbezogenen Daten und deren Berichtigung, Sperrung, L\u00f6schung oder einem Widerruf einer erteilten Einwilligung unentgeltlich an uns wenden.<br \/>Die von uns verarbeiteten Daten werden nach Ma\u00dfgabe der Art. 17 und 18 DSGVO gel\u00f6scht oder in ihrer Verarbeitung eingeschr\u00e4nkt. Sofern nicht im Rahmen dieser Datenschutzerkl\u00e4rung ausdr\u00fccklich angegeben, werden die bei uns gespeicherten Daten gel\u00f6scht, sobald sie f\u00fcr ihre Zweckbestimmung nicht mehr erforderlich sind und der L\u00f6schung keine gesetzlichen Aufbewahrungspflichten entgegenstehen. Sofern die Daten nicht gel\u00f6scht werden, weil sie f\u00fcr andere und gesetzlich zul\u00e4ssige Zwecke erforderlich sind, wird deren Verarbeitung eingeschr\u00e4nkt. D.h. die Daten werden gesperrt und nicht f\u00fcr andere Zwecke verarbeitet. Das gilt z.B. f\u00fcr Daten, die aus handels- oder steuerrechtlichen Gr\u00fcnden aufbewahrt werden m\u00fcssen.<br \/>Nach gesetzlichen Vorgaben in Deutschland erfolgt die Aufbewahrung insbesondere f\u00fcr 6 Jahre gem\u00e4\u00df \u00a7 257 Abs. 1 HGB (Handelsb\u00fccher, Inventare, Er\u00f6ffnungsbilanzen, Jahresabschl\u00fcsse, Handelsbriefe, Buchungsbelege, etc.) sowie f\u00fcr 10 Jahre gem\u00e4\u00df \u00a7 147 Abs. 1 AO (B\u00fccher, Aufzeichnungen, Lageberichte, Buchungsbelege, Handels- und Gesch\u00e4ftsbriefe, F\u00fcr Besteuerung relevante Unterlagen, etc.).<\/p>\n<p>Den Schutz Ihrer Daten nehmen wir sehr ernst. Um sicherzustellen, dass personenbezogene Daten nicht an Dritte herausgegeben werden, richten Sie Ihre Anfrage bitte per E-Mail oder per Post unter eindeutiger Identifizierung Ihrer Person an:<br \/>Adresse:\u2028 F\u00f6rderverein f\u00fcr Jugendbildung und Wirtschaftsbeziehungen Norddeutschland \u2013 Kaliningrad e.V.<br \/>Maria-Goeppert-Stra\u00dfe 1\u202823562 L\u00fcbeck<br \/>Telefon:\u20280172-1824815<br \/>E-Mail:\u2028info@fuer-kaliningrad.de<\/p>\n<p>Die Datenschutzerkl\u00e4rung der Webseite http:\/\/www.fuer-kaliningrad.de basiert auf der Datenschutzerkl\u00e4rung der Anwaltskanzlei Wei\u00df &amp; Partner https:\/\/www.ratgeberrecht.eu sowie dem der eRecht24 GmbH &amp; CO. KG https:\/\/www.e-recht24.de<\/p>\n<p>Stand Mai 2019<\/p>\n<\/div><\/section><br \/>\n\n<style type=\"text\/css\" data-created_by=\"avia_inline_auto\" id=\"style-css-av-kici-8262bc2e2aa3836f742f28a2212dde57\">\n#top .hr.av-kici-8262bc2e2aa3836f742f28a2212dde57{\nmargin-top:18px;\nmargin-bottom:30px;\n}\n.hr.av-kici-8262bc2e2aa3836f742f28a2212dde57 .hr-inner{\nwidth:20%;\nmax-width:45%;\n}\n<\/style>\n<div  class='hr av-kici-8262bc2e2aa3836f742f28a2212dde57 hr-custom  avia-builder-el-8  el_after_av_textblock  avia-builder-el-last  hr-center hr-icon-yes'><span class='hr-inner inner-border-av-border-thin'><span class=\"hr-inner-style\"><\/span><\/span><span class='av-seperator-icon avia-iconfont avia-font-entypo-fontello' data-av_icon='\ue8bf' data-av_iconfont='entypo-fontello' ><\/span><span class='hr-inner inner-border-av-border-thin'><span class=\"hr-inner-style\"><\/span><\/span><\/div><\/p><\/div><\/div><!--close column table wrapper. Autoclose: 1 --><div id='av-masonry-1' class='av-masonry av-jve85g1x-c3784385fa91d873d8e0cc29609eb94b noHover av-fixed-size av-1px-gap av-hover-overlay-active av-masonry-animation-active av-masonry-col-flexible av-caption-always av-caption-style- av-masonry-gallery ' data-post_id=\"917\"><div class=\"av-masonry-container isotope av-js-disabled\"><div class='av-masonry-entry isotope-item av-masonry-item-no-image '><\/div><a href=\"https:\/\/fuer-kaliningrad.de\/wp-content\/uploads\/2019\/05\/Bildschirmfoto-2019-05-07-um-21.59.06-1.png\" data-srcset=\"https:\/\/fuer-kaliningrad.de\/wp-content\/uploads\/2019\/05\/Bildschirmfoto-2019-05-07-um-21.59.06-1.png 717w, https:\/\/fuer-kaliningrad.de\/wp-content\/uploads\/2019\/05\/Bildschirmfoto-2019-05-07-um-21.59.06-1-300x205.png 300w, https:\/\/fuer-kaliningrad.de\/wp-content\/uploads\/2019\/05\/Bildschirmfoto-2019-05-07-um-21.59.06-1-705x481.png 705w\" data-sizes=\"(max-width: 717px) 100vw, 717px\"  aria-label=\"image Bildschirmfoto 2019-05-07 um 21.59.06\"  id='av-masonry-1-item-593' data-av-masonry-item='593' class='av-masonry-entry isotope-item post-593 attachment type-attachment status-inherit hentry  av-masonry-item-with-image av-grid-img' title=\"Bildschirmfoto 2019-05-07 um 21.59.06\" alt=\"\"    itemprop=\"thumbnailUrl\" ><div class='av-inner-masonry-sizer'><\/div><figure class='av-inner-masonry main_color'><div class=\"av-masonry-outerimage-container\"><div class='av-masonry-image-container' style=\"background-image: url(https:\/\/fuer-kaliningrad.de\/wp-content\/uploads\/2019\/05\/Bildschirmfoto-2019-05-07-um-21.59.06-1-705x481.png);\"  title=\"Bildschirmfoto 2019-05-07 um 21.59.06\" ><\/div><\/div><\/figure><\/a><!--end av-masonry entry--><a href=\"https:\/\/fuer-kaliningrad.de\/wp-content\/uploads\/2019\/05\/Bildschirmfoto-2019-05-07-um-21.59.28-1.png\" data-srcset=\"https:\/\/fuer-kaliningrad.de\/wp-content\/uploads\/2019\/05\/Bildschirmfoto-2019-05-07-um-21.59.28-1.png 647w, https:\/\/fuer-kaliningrad.de\/wp-content\/uploads\/2019\/05\/Bildschirmfoto-2019-05-07-um-21.59.28-1-300x170.png 300w\" data-sizes=\"(max-width: 647px) 100vw, 647px\"  aria-label=\"image Bildschirmfoto 2019-05-07 um 21.59.28\"  id='av-masonry-1-item-594' data-av-masonry-item='594' class='av-masonry-entry isotope-item post-594 attachment type-attachment status-inherit hentry  av-masonry-item-with-image av-landscape-img' title=\"Bildschirmfoto 2019-05-07 um 21.59.28\" alt=\"\"    itemprop=\"thumbnailUrl\" ><div class='av-inner-masonry-sizer'><\/div><figure class='av-inner-masonry main_color'><div class=\"av-masonry-outerimage-container\"><div class='av-masonry-image-container' style=\"background-image: url(https:\/\/fuer-kaliningrad.de\/wp-content\/uploads\/2019\/05\/Bildschirmfoto-2019-05-07-um-21.59.28-1.png);\"  title=\"Bildschirmfoto 2019-05-07 um 21.59.28\" ><\/div><\/div><\/figure><\/a><!--end av-masonry entry--><a href=\"https:\/\/fuer-kaliningrad.de\/wp-content\/uploads\/2019\/05\/Bildschirmfoto-2019-05-07-um-21.59.36-1.png\" data-srcset=\"https:\/\/fuer-kaliningrad.de\/wp-content\/uploads\/2019\/05\/Bildschirmfoto-2019-05-07-um-21.59.36-1.png 650w, https:\/\/fuer-kaliningrad.de\/wp-content\/uploads\/2019\/05\/Bildschirmfoto-2019-05-07-um-21.59.36-1-300x199.png 300w\" data-sizes=\"(max-width: 650px) 100vw, 650px\"  aria-label=\"image Bildschirmfoto 2019-05-07 um 21.59.36\"  id='av-masonry-1-item-595' data-av-masonry-item='595' class='av-masonry-entry isotope-item post-595 attachment type-attachment status-inherit hentry  av-masonry-item-with-image av-grid-img' title=\"Bildschirmfoto 2019-05-07 um 21.59.36\" alt=\"\"    itemprop=\"thumbnailUrl\" ><div class='av-inner-masonry-sizer'><\/div><figure class='av-inner-masonry main_color'><div class=\"av-masonry-outerimage-container\"><div class='av-masonry-image-container' style=\"background-image: url(https:\/\/fuer-kaliningrad.de\/wp-content\/uploads\/2019\/05\/Bildschirmfoto-2019-05-07-um-21.59.36-1.png);\"  title=\"Bildschirmfoto 2019-05-07 um 21.59.36\" ><\/div><\/div><\/figure><\/a><!--end av-masonry entry--><a href=\"https:\/\/fuer-kaliningrad.de\/wp-content\/uploads\/2019\/05\/Bildschirmfoto-2019-05-07-um-22.00.16-1.png\" data-srcset=\"https:\/\/fuer-kaliningrad.de\/wp-content\/uploads\/2019\/05\/Bildschirmfoto-2019-05-07-um-22.00.16-1.png 724w, https:\/\/fuer-kaliningrad.de\/wp-content\/uploads\/2019\/05\/Bildschirmfoto-2019-05-07-um-22.00.16-1-300x204.png 300w, https:\/\/fuer-kaliningrad.de\/wp-content\/uploads\/2019\/05\/Bildschirmfoto-2019-05-07-um-22.00.16-1-705x479.png 705w\" data-sizes=\"(max-width: 724px) 100vw, 724px\"  aria-label=\"image Bildschirmfoto 2019-05-07 um 22.00.16\"  id='av-masonry-1-item-596' data-av-masonry-item='596' class='av-masonry-entry isotope-item post-596 attachment type-attachment status-inherit hentry  av-masonry-item-with-image av-grid-img' title=\"Bildschirmfoto 2019-05-07 um 22.00.16\" alt=\"\"    itemprop=\"thumbnailUrl\" ><div class='av-inner-masonry-sizer'><\/div><figure class='av-inner-masonry main_color'><div class=\"av-masonry-outerimage-container\"><div class='av-masonry-image-container' style=\"background-image: url(https:\/\/fuer-kaliningrad.de\/wp-content\/uploads\/2019\/05\/Bildschirmfoto-2019-05-07-um-22.00.16-1-705x479.png);\"  title=\"Bildschirmfoto 2019-05-07 um 22.00.16\" ><\/div><\/div><\/figure><\/a><!--end av-masonry entry--><a href=\"https:\/\/fuer-kaliningrad.de\/wp-content\/uploads\/2019\/05\/Bildschirmfoto-2019-05-07-um-22.00.07-1.png\" data-srcset=\"https:\/\/fuer-kaliningrad.de\/wp-content\/uploads\/2019\/05\/Bildschirmfoto-2019-05-07-um-22.00.07-1.png 715w, https:\/\/fuer-kaliningrad.de\/wp-content\/uploads\/2019\/05\/Bildschirmfoto-2019-05-07-um-22.00.07-1-300x202.png 300w, https:\/\/fuer-kaliningrad.de\/wp-content\/uploads\/2019\/05\/Bildschirmfoto-2019-05-07-um-22.00.07-1-705x474.png 705w\" data-sizes=\"(max-width: 715px) 100vw, 715px\"  aria-label=\"image Bildschirmfoto 2019-05-07 um 22.00.07\"  id='av-masonry-1-item-597' data-av-masonry-item='597' class='av-masonry-entry isotope-item post-597 attachment type-attachment status-inherit hentry  av-masonry-item-with-image av-grid-img' title=\"Bildschirmfoto 2019-05-07 um 22.00.07\" alt=\"\"    itemprop=\"thumbnailUrl\" ><div class='av-inner-masonry-sizer'><\/div><figure class='av-inner-masonry main_color'><div class=\"av-masonry-outerimage-container\"><div class='av-masonry-image-container' style=\"background-image: url(https:\/\/fuer-kaliningrad.de\/wp-content\/uploads\/2019\/05\/Bildschirmfoto-2019-05-07-um-22.00.07-1-705x474.png);\"  title=\"Bildschirmfoto 2019-05-07 um 22.00.07\" ><\/div><\/div><\/figure><\/a><!--end av-masonry entry--><\/div><\/div><\/p>\n","protected":false},"excerpt":{"rendered":"","protected":false},"author":1,"featured_media":0,"parent":0,"menu_order":0,"comment_status":"closed","ping_status":"open","template":"","meta":{"footnotes":""},"class_list":["post-917","page","type-page","status-publish","hentry"],"_links":{"self":[{"href":"https:\/\/fuer-kaliningrad.de\/index.php?rest_route=\/wp\/v2\/pages\/917","targetHints":{"allow":["GET"]}}],"collection":[{"href":"https:\/\/fuer-kaliningrad.de\/index.php?rest_route=\/wp\/v2\/pages"}],"about":[{"href":"https:\/\/fuer-kaliningrad.de\/index.php?rest_route=\/wp\/v2\/types\/page"}],"author":[{"embeddable":true,"href":"https:\/\/fuer-kaliningrad.de\/index.php?rest_route=\/wp\/v2\/users\/1"}],"replies":[{"embeddable":true,"href":"https:\/\/fuer-kaliningrad.de\/index.php?rest_route=%2Fwp%2Fv2%2Fcomments&post=917"}],"version-history":[{"count":0,"href":"https:\/\/fuer-kaliningrad.de\/index.php?rest_route=\/wp\/v2\/pages\/917\/revisions"}],"wp:attachment":[{"href":"https:\/\/fuer-kaliningrad.de\/index.php?rest_route=%2Fwp%2Fv2%2Fmedia&parent=917"}],"curies":[{"name":"wp","href":"https:\/\/api.w.org\/{rel}","templated":true}]}}