{"id":378,"date":"2015-05-31T15:15:57","date_gmt":"2015-05-31T15:15:57","guid":{"rendered":"http:\/\/test.kriesi.at\/church\/?page_id=378"},"modified":"2015-05-31T15:15:57","modified_gmt":"2015-05-31T15:15:57","slug":"our-lead-pastor","status":"publish","type":"page","link":"https:\/\/fuer-kaliningrad.de\/?page_id=378","title":{"rendered":"Unsere Vorsitzende"},"content":{"rendered":"\n<style type=\"text\/css\" data-created_by=\"avia_inline_auto\" id=\"style-css-av-2t2wai-9bfc188d90174cdcc3aea0b1325fe416\">\n.avia-section.av-2t2wai-9bfc188d90174cdcc3aea0b1325fe416{\nbackground-repeat:no-repeat;\nbackground-image:url(https:\/\/fuer-kaliningrad.de\/wp-content\/uploads\/2019\/05\/Einsatz-fur-den-Austausch.jpg);\nbackground-position:50% 50%;\nbackground-attachment:fixed;\n}\n.avia-section.av-2t2wai-9bfc188d90174cdcc3aea0b1325fe416 .av-section-color-overlay{\nopacity:0.2;\nbackground-color:#000000;\n}\n<\/style>\n<div id='av_section_1'  class='avia-section av-2t2wai-9bfc188d90174cdcc3aea0b1325fe416 main_color avia-section-large avia-no-shadow  avia-builder-el-0  el_before_av_section  avia-builder-el-first  avia-full-stretch avia-bg-style-fixed av-section-color-overlay-active container_wrap sidebar_right'  data-section-bg-repeat='stretch'><div class=\"av-section-color-overlay-wrap\"><div class=\"av-section-color-overlay\"><\/div><div class='container av-section-cont-open' ><main  role=\"main\" itemprop=\"mainContentOfPage\"  class='template-page content  av-content-small alpha units'><div class='post-entry post-entry-type-page post-entry-378'><div class='entry-content-wrapper clearfix'>\n\n<style type=\"text\/css\" data-created_by=\"avia_inline_auto\" id=\"style-css-av-jv9kirkj-3bde27dd21e6d36fa411aed507828ecb\">\n#top .av-special-heading.av-jv9kirkj-3bde27dd21e6d36fa411aed507828ecb{\npadding-bottom:0;\ncolor:#ffffff;\nfont-size:50px;\n}\nbody .av-special-heading.av-jv9kirkj-3bde27dd21e6d36fa411aed507828ecb .av-special-heading-tag .heading-char{\nfont-size:25px;\n}\n#top #wrap_all .av-special-heading.av-jv9kirkj-3bde27dd21e6d36fa411aed507828ecb .av-special-heading-tag{\nfont-size:50px;\n}\n.av-special-heading.av-jv9kirkj-3bde27dd21e6d36fa411aed507828ecb .special-heading-inner-border{\nborder-color:#ffffff;\n}\n.av-special-heading.av-jv9kirkj-3bde27dd21e6d36fa411aed507828ecb .av-subheading{\nfont-size:15px;\n}\n\n@media only screen and (min-width: 480px) and (max-width: 767px){ \n#top #wrap_all .av-special-heading.av-jv9kirkj-3bde27dd21e6d36fa411aed507828ecb .av-special-heading-tag{\nfont-size:0.8em;\n}\n}\n\n@media only screen and (max-width: 479px){ \n#top #wrap_all .av-special-heading.av-jv9kirkj-3bde27dd21e6d36fa411aed507828ecb .av-special-heading-tag{\nfont-size:0.8em;\n}\n}\n<\/style>\n<div  class='av-special-heading av-jv9kirkj-3bde27dd21e6d36fa411aed507828ecb av-special-heading-h3 custom-color-heading blockquote modern-quote modern-centered  avia-builder-el-1  el_before_av_hr  avia-builder-el-first  av-inherit-size'><h3 class='av-special-heading-tag '  itemprop=\"headline\"  >Unsere Vorsitzende<\/h3><div class='av_custom_color av-subheading av-subheading_below'><p>Eine Vorsitzende die den Weg kennt, den Weg geht und den Weg zeigt.<\/p>\n<\/div><div class=\"special-heading-border\"><div class=\"special-heading-inner-border\"><\/div><\/div><\/div>\n\n<style type=\"text\/css\" data-created_by=\"avia_inline_auto\" id=\"style-css-av-2fwjwi-02a068d667952f5a719031e604ebcd5b\">\n#top .hr.av-2fwjwi-02a068d667952f5a719031e604ebcd5b{\nmargin-top:30px;\nmargin-bottom:30px;\n}\n.hr.av-2fwjwi-02a068d667952f5a719031e604ebcd5b .hr-inner{\nwidth:20%;\nborder-color:rgba(255,255,255,0.76);\nmax-width:45%;\n}\n.hr.av-2fwjwi-02a068d667952f5a719031e604ebcd5b .av-seperator-icon{\ncolor:#ffffff;\n}\n.hr.av-2fwjwi-02a068d667952f5a719031e604ebcd5b .av-seperator-icon.avia-svg-icon svg:first-child{\nfill:#ffffff;\nstroke:#ffffff;\n}\n<\/style>\n<div  class='hr av-2fwjwi-02a068d667952f5a719031e604ebcd5b hr-custom  avia-builder-el-2  el_after_av_heading  avia-builder-el-last  hr-center hr-icon-yes'><span class='hr-inner inner-border-av-border-thin'><span class=\"hr-inner-style\"><\/span><\/span><span class='av-seperator-icon avia-iconfont avia-font-entypo-fontello' data-av_icon='\ue8bf' data-av_iconfont='entypo-fontello' ><\/span><span class='hr-inner inner-border-av-border-thin'><span class=\"hr-inner-style\"><\/span><\/span><\/div>\n\n<\/div><\/div><\/main><!-- close content main element --><\/div><\/div><\/div><div id='av_section_2'  class='avia-section av-29ehz6-9e418376653b76f073093c95c9a47485 main_color avia-section-small avia-no-border-styling  avia-builder-el-3  el_after_av_section  el_before_av_masonry_gallery  avia-bg-style-fixed container_wrap sidebar_right'  ><div class='container av-section-cont-open' ><div class='template-page content  av-content-small alpha units'><div class='post-entry post-entry-type-page post-entry-378'><div class='entry-content-wrapper clearfix'>\n<div class='flex_column_table av-21rc42-25960d8e0cb0f3f81e1928124fb86bfd sc-av_two_third av-equal-height-column-flextable'>\n<style type=\"text\/css\" data-created_by=\"avia_inline_auto\" id=\"style-css-av-21rc42-25960d8e0cb0f3f81e1928124fb86bfd\">\n#top .flex_column_table.av-equal-height-column-flextable.av-21rc42-25960d8e0cb0f3f81e1928124fb86bfd{\nmargin-top:-60px;\nmargin-bottom:0px;\n}\n.flex_column.av-21rc42-25960d8e0cb0f3f81e1928124fb86bfd{\nborder-radius:0px 0px 0px 0px;\npadding:30px 30px 30px 30px;\nbackground-color:#ffffff;\n}\n<\/style>\n<div  class='flex_column av-21rc42-25960d8e0cb0f3f81e1928124fb86bfd av_two_third  avia-builder-el-4  el_before_av_one_third  avia-builder-el-first  first no_margin flex_column_table_cell av-equal-height-column av-align-top  '     ><p>\n<style type=\"text\/css\" data-created_by=\"avia_inline_auto\" id=\"style-css-av-k1gpoiei-9fa9bd5b8174e3a81c0e9d7222d2af17\">\n#top .hr.hr-invisible.av-k1gpoiei-9fa9bd5b8174e3a81c0e9d7222d2af17{\nheight:10px;\n}\n<\/style>\n<div  class='hr av-k1gpoiei-9fa9bd5b8174e3a81c0e9d7222d2af17 hr-invisible  avia-builder-el-5  el_before_av_heading  avia-builder-el-first '><span class='hr-inner '><span class=\"hr-inner-style\"><\/span><\/span><\/div><br \/>\n\n<style type=\"text\/css\" data-created_by=\"avia_inline_auto\" id=\"style-css-av-av_heading-a6ba24ef9809bb8920d89397b93b9306\">\n#top .av-special-heading.av-av_heading-a6ba24ef9809bb8920d89397b93b9306{\npadding-bottom:0;\n}\nbody .av-special-heading.av-av_heading-a6ba24ef9809bb8920d89397b93b9306 .av-special-heading-tag .heading-char{\nfont-size:25px;\n}\n.av-special-heading.av-av_heading-a6ba24ef9809bb8920d89397b93b9306 .av-subheading{\nfont-size:15px;\n}\n<\/style>\n<div  class='av-special-heading av-av_heading-a6ba24ef9809bb8920d89397b93b9306 av-special-heading-h3 blockquote modern-quote  avia-builder-el-6  el_after_av_hr  el_before_av_textblock '><h3 class='av-special-heading-tag '  itemprop=\"headline\"  >Prof. Gudrun Schmidt-K\u00e4rner<\/h3><div class=\"special-heading-border\"><div class=\"special-heading-inner-border\"><\/div><\/div><\/div><br \/>\n\n<style type=\"text\/css\" data-created_by=\"avia_inline_auto\" id=\"style-css-av-1r7qzm-6ea7335519e555a4467620446df8f8b7\">\n#top .av_textblock_section.av-1r7qzm-6ea7335519e555a4467620446df8f8b7 .avia_textblock{\nfont-size:18px;\n}\n<\/style>\n<section  class='av_textblock_section av-1r7qzm-6ea7335519e555a4467620446df8f8b7 '   itemscope=\"itemscope\" itemtype=\"https:\/\/schema.org\/CreativeWork\" ><div class='avia_textblock'  itemprop=\"text\" ><div class=\"page\" title=\"Page 1\">\n<div class=\"layoutArea\">\n<div class=\"column\">\n<p>Frau Prof. Gudrun Schmidt-K\u00e4rner ist als langj\u00e4hrige 1. Vorsitzende, das Gesicht des F\u00f6rdervereins. Sie wurde Anfang der 90er Jahre \u00fcber einen Zeitungsartikel auf Hilfstransporte nach Kaliningrad aufmerksam, die sie dann mit unerm\u00fcdlichem Einsatz regelm\u00e4\u00dfig selbst organisierte. Der Grundstein f\u00fcr den Verein war damit gelegt.<\/p>\n<\/div>\n<\/div>\n<\/div>\n<\/div><\/section><br \/>\n\n<style type=\"text\/css\" data-created_by=\"avia_inline_auto\" id=\"style-css-av-1mcnqy-8192f13cdfe88a987cc6e7839a9cd69f\">\n#top .hr.av-1mcnqy-8192f13cdfe88a987cc6e7839a9cd69f{\nmargin-top:30px;\nmargin-bottom:30px;\n}\n.hr.av-1mcnqy-8192f13cdfe88a987cc6e7839a9cd69f .hr-inner{\nwidth:45%;\nmax-width:45%;\n}\n<\/style>\n<div  class='hr av-1mcnqy-8192f13cdfe88a987cc6e7839a9cd69f hr-custom  avia-builder-el-8  el_after_av_textblock  el_before_av_image  hr-center hr-icon-yes'><span class='hr-inner inner-border-av-border-thin'><span class=\"hr-inner-style\"><\/span><\/span><span class='av-seperator-icon avia-iconfont avia-font-entypo-fontello' data-av_icon='\ue8bf' data-av_iconfont='entypo-fontello' ><\/span><span class='hr-inner inner-border-av-border-thin'><span class=\"hr-inner-style\"><\/span><\/span><\/div><br \/>\n\n<style type=\"text\/css\" data-created_by=\"avia_inline_auto\" id=\"style-css-av-1fxfoa-b6fb7de096bc5b68612d3e2ec9fd7a68\">\n.avia-image-container.av-1fxfoa-b6fb7de096bc5b68612d3e2ec9fd7a68 img.avia_image{\nbox-shadow:none;\n}\n.avia-image-container.av-1fxfoa-b6fb7de096bc5b68612d3e2ec9fd7a68 .av-image-caption-overlay-center{\ncolor:#ffffff;\n}\n<\/style>\n<div  class='avia-image-container av-1fxfoa-b6fb7de096bc5b68612d3e2ec9fd7a68 av-styling- avia-align-center  avia-builder-el-9  el_after_av_hr  el_before_av_textblock '   itemprop=\"image\" itemscope=\"itemscope\" itemtype=\"https:\/\/schema.org\/ImageObject\" ><div class=\"avia-image-container-inner\"><div class=\"avia-image-overlay-wrap\"><img decoding=\"async\" fetchpriority=\"high\" class='wp-image-527 avia-img-lazy-loading-not-527 avia_image ' src=\"https:\/\/fuer-kaliningrad.de\/wp-content\/uploads\/2019\/05\/180500_Bundesverdienst_1024-Kopie-Kopie-1.png\" alt='' title='180500_Bundesverdienst_1024 Kopie Kopie'  height=\"345\" width=\"862\"  itemprop=\"thumbnailUrl\" srcset=\"https:\/\/fuer-kaliningrad.de\/wp-content\/uploads\/2019\/05\/180500_Bundesverdienst_1024-Kopie-Kopie-1.png 862w, https:\/\/fuer-kaliningrad.de\/wp-content\/uploads\/2019\/05\/180500_Bundesverdienst_1024-Kopie-Kopie-1-300x120.png 300w, https:\/\/fuer-kaliningrad.de\/wp-content\/uploads\/2019\/05\/180500_Bundesverdienst_1024-Kopie-Kopie-1-768x307.png 768w, https:\/\/fuer-kaliningrad.de\/wp-content\/uploads\/2019\/05\/180500_Bundesverdienst_1024-Kopie-Kopie-1-705x282.png 705w\" sizes=\"(max-width: 862px) 100vw, 862px\" \/><\/div><\/div><\/div><br \/>\n<section  class='av_textblock_section av-16tiw2-b34c3b1b3546b2bdb84d9401168ae913 '   itemscope=\"itemscope\" itemtype=\"https:\/\/schema.org\/CreativeWork\" ><div class='avia_textblock'  itemprop=\"text\" ><div class=\"page\" title=\"Page 1\">\n<div class=\"layoutArea\">\n<div class=\"column\">\n<blockquote>\n<p>\u201eLiebe Freunde, 20 Jahre voller unterschiedlichster Herausforderungen liegen hinter uns. Es war immer aufregend. Denn die richtigen Wege zu finden, um das Verst\u00e4ndnis zwischen fremden Kulturen herzustellen, das erfordert in erster Linie Geduld. Gegenseitiger Respekt und der gemeinsame Wille zum friedlichen Miteinander haben aber zu vielen kleinen und gro\u00dfen Erfolgen gef\u00fchrt. Wir haben ein neues lebendiges Verh\u00e4ltnis zwischen uns aufgebaut, wir vertrauen einander, das erf\u00fcllt mich heute an diesem Jubil\u00e4um mit ganz besonderer Freude.\u201c<\/p>\n<\/blockquote>\n<p>Rede von Frau Prof. Gudrun Schmidt-K\u00e4rner anl\u00e4sslich der Feier zum 20-j\u00e4hrigen Jubil\u00e4um des Vereins in 2011.<\/p>\n<\/div>\n<\/div>\n<\/div>\n<\/div><\/section><br \/>\n\n<style type=\"text\/css\" data-created_by=\"avia_inline_auto\" id=\"style-css-av-av_heading-1a16023974370f71567a23412dd1c15d\">\n#top .av-special-heading.av-av_heading-1a16023974370f71567a23412dd1c15d{\npadding-bottom:0;\n}\nbody .av-special-heading.av-av_heading-1a16023974370f71567a23412dd1c15d .av-special-heading-tag .heading-char{\nfont-size:25px;\n}\n.av-special-heading.av-av_heading-1a16023974370f71567a23412dd1c15d .av-subheading{\nfont-size:15px;\n}\n<\/style>\n<div  class='av-special-heading av-av_heading-1a16023974370f71567a23412dd1c15d av-special-heading-h3 blockquote modern-quote  avia-builder-el-11  el_after_av_textblock  el_before_av_textblock '><h3 class='av-special-heading-tag '  itemprop=\"headline\"  >Grenzenlose Zusammenarbeit<\/h3><div class=\"special-heading-border\"><div class=\"special-heading-inner-border\"><\/div><\/div><\/div><br \/>\n\n<style type=\"text\/css\" data-created_by=\"avia_inline_auto\" id=\"style-css-av-1r7qzm-6ea7335519e555a4467620446df8f8b7\">\n#top .av_textblock_section.av-1r7qzm-6ea7335519e555a4467620446df8f8b7 .avia_textblock{\nfont-size:18px;\n}\n<\/style>\n<section  class='av_textblock_section av-1r7qzm-6ea7335519e555a4467620446df8f8b7 '   itemscope=\"itemscope\" itemtype=\"https:\/\/schema.org\/CreativeWork\" ><div class='avia_textblock'  itemprop=\"text\" ><div class=\"page\" title=\"Page 1\">\n<div class=\"layoutArea\">\n<div class=\"column\">\n<div class=\"page\" title=\"Page 1\">\n<div class=\"layoutArea\">\n<div class=\"column\">\n<p>In den 20 Jahren seines Bestehens schaffte sie es, mit den Mitgliedern, den Unterst\u00fctzern und Spendern des Vereins vielf\u00e4ltige Projekten konsequent, finanziell, materiell und mit dem eigenen uneigenn\u00fctzigen Engagement zu realisieren.<\/p>\n<div class=\"page\" title=\"Page 1\">\n<div class=\"layoutArea\">\n<div class=\"column\">\n<p>In all diesen Jahren hat es ein kleiner Verein geschafft, ein best\u00e4ndiges und zuverl\u00e4ssiges Netzwerk aus deutschen und russischen Partnern, angefangen bei Vertretern der Beh\u00f6rden und \u00f6ffentlichen Institutionen bis hin zu den ehemaligen Praktikanten, zu bilden: Gemeinsam l\u00e4sst sich etwas bewegen; bei der Bew\u00e4ltigung der sozialen Probleme, beim Erreichen der gemeinsamen Ziele.<\/p>\n<\/div>\n<\/div>\n<\/div>\n<div class=\"page\" title=\"Page 1\">\n<div class=\"layoutArea\">\n<div class=\"column\"><\/div>\n<\/div>\n<\/div>\n<\/div>\n<\/div>\n<\/div>\n<\/div>\n<\/div>\n<\/div>\n<\/div><\/section><br \/>\n\n<style type=\"text\/css\" data-created_by=\"avia_inline_auto\" id=\"style-css-av-av_heading-79d33920b4fd3fdda7d9e8ac50b7b3eb\">\n#top .av-special-heading.av-av_heading-79d33920b4fd3fdda7d9e8ac50b7b3eb{\npadding-bottom:0;\n}\nbody .av-special-heading.av-av_heading-79d33920b4fd3fdda7d9e8ac50b7b3eb .av-special-heading-tag .heading-char{\nfont-size:25px;\n}\n.av-special-heading.av-av_heading-79d33920b4fd3fdda7d9e8ac50b7b3eb .av-subheading{\nfont-size:15px;\n}\n<\/style>\n<div  class='av-special-heading av-av_heading-79d33920b4fd3fdda7d9e8ac50b7b3eb av-special-heading-h3 blockquote modern-quote  avia-builder-el-13  el_after_av_textblock  el_before_av_textblock '><h3 class='av-special-heading-tag '  itemprop=\"headline\"  >Annerkung f\u00fcr den Einsatz<\/h3><div class=\"special-heading-border\"><div class=\"special-heading-inner-border\"><\/div><\/div><\/div><br \/>\n\n<style type=\"text\/css\" data-created_by=\"avia_inline_auto\" id=\"style-css-av-1r7qzm-6ea7335519e555a4467620446df8f8b7\">\n#top .av_textblock_section.av-1r7qzm-6ea7335519e555a4467620446df8f8b7 .avia_textblock{\nfont-size:18px;\n}\n<\/style>\n<section  class='av_textblock_section av-1r7qzm-6ea7335519e555a4467620446df8f8b7 '   itemscope=\"itemscope\" itemtype=\"https:\/\/schema.org\/CreativeWork\" ><div class='avia_textblock'  itemprop=\"text\" ><div class=\"page\" title=\"Page 1\">\n<div class=\"layoutArea\">\n<div class=\"column\">\n<div class=\"page\" title=\"Page 1\">\n<div class=\"layoutArea\">\n<div class=\"column\">\n<div class=\"page\" title=\"Page 1\">\n<div class=\"layoutArea\">\n<div class=\"column\">\n<p>Als Anerkennung f\u00fcr ihren Einsatz in Kaliningrad wurde Gudrun Schmidt-K\u00e4rner vielfach ausgezeichnet:<\/p>\n<div class=\"page\" title=\"Page 1\">\n<div class=\"layoutArea\">\n<div class=\"column\">\n<ul>\n<li>\n<div class=\"page\" title=\"Page 1\">\n<div class=\"layoutArea\">\n<div class=\"column\">\n<p>1999 erhielt sie den \u201ePreis Frauen Europas &#8211; Deutschland\u201c.<\/p>\n<\/div>\n<\/div>\n<\/div>\n<\/li>\n<li>2002 wurde sie mit der Verdienstmedaille des Verdienstordens der Bundesrepublik Deutschland f\u00fcr ihr Engagement im F\u00f6rderverein ausgezeichnet.<\/li>\n<\/ul>\n<\/div>\n<\/div>\n<\/div>\n<\/div>\n<\/div>\n<\/div>\n<div class=\"page\" title=\"Page 1\">\n<div class=\"layoutArea\">\n<div class=\"column\">\n<ul>\n<li>2011 erhielt sie nach einem Erlass des damaligen Gouverneurs des Kaliningrader Gebietes die Medaille \u201eF\u00fcr Verdienste um das Kaliningrader Gebiet\u201c.<\/li>\n<\/ul>\n<\/div>\n<\/div>\n<\/div>\n<\/div>\n<\/div>\n<\/div>\n<div class=\"page\" title=\"Page 1\">\n<div class=\"layoutArea\">\n<div class=\"column\">\n<ul>\n<li>2019 erhielt Sie das Bundesverdienstkreuz, um ihr Engagement f\u00fcr den Austausch der Beziehungen zwischen Schleswig-Holstein und dem Kaliningrader Gebiet zu w\u00fcrdigen.<\/li>\n<\/ul>\n<\/div>\n<div class=\"column\"><\/div>\n<\/div>\n<\/div>\n<div class=\"page\" title=\"Page 1\">\n<div class=\"layoutArea\">\n<div class=\"column\"><\/div>\n<\/div>\n<\/div>\n<\/div>\n<\/div>\n<\/div>\n<\/div><\/section><\/p><\/div>\n<style type=\"text\/css\" data-created_by=\"avia_inline_auto\" id=\"style-css-av-10to22-086f76d225ee22379229fd6f918fb7c4\">\n#top .flex_column_table.av-equal-height-column-flextable.av-10to22-086f76d225ee22379229fd6f918fb7c4{\nmargin-top:-60px;\nmargin-bottom:0px;\n}\n.flex_column.av-10to22-086f76d225ee22379229fd6f918fb7c4{\nborder-radius:0px 0px 0px 0px;\npadding:30px 30px 30px 30px;\nbackground-color:#f0f0f0;\n}\n<\/style>\n<div  class='flex_column av-10to22-086f76d225ee22379229fd6f918fb7c4 av_one_third  avia-builder-el-15  el_after_av_two_third  avia-builder-el-last  no_margin flex_column_table_cell av-equal-height-column av-align-top  '     ><p>\n<style type=\"text\/css\" data-created_by=\"avia_inline_auto\" id=\"style-css-av-k1gpoiei-65f37923f315d457a00d74efa9d0598d\">\n#top .hr.hr-invisible.av-k1gpoiei-65f37923f315d457a00d74efa9d0598d{\nheight:30px;\n}\n<\/style>\n<div  class='hr av-k1gpoiei-65f37923f315d457a00d74efa9d0598d hr-invisible  avia-builder-el-16  el_before_av_sidebar  avia-builder-el-first '><span class='hr-inner '><span class=\"hr-inner-style\"><\/span><\/span><\/div><br \/>\n<\/p><\/div><\/div><!--close column table wrapper. Autoclose: 1 --><div id='av-masonry-1' class='av-masonry av-jv9mdncm-2ae0d39697af712a1028085790199693 noHover av-fixed-size av-no-gap av-hover-overlay-active av-masonry-animation-active av-masonry-col-flexible av-caption-always av-caption-style- av-masonry-gallery ' data-post_id=\"378\"><div class=\"av-masonry-container isotope av-js-disabled\"><div class='av-masonry-entry isotope-item av-masonry-item-no-image '><\/div><a href=\"https:\/\/fuer-kaliningrad.de\/wp-content\/uploads\/2019\/05\/ordensverleihung-schmidt-kaerner-1-1030x580.jpg\" data-srcset=\"https:\/\/fuer-kaliningrad.de\/wp-content\/uploads\/2019\/05\/ordensverleihung-schmidt-kaerner-1-1030x580.jpg 1030w, https:\/\/fuer-kaliningrad.de\/wp-content\/uploads\/2019\/05\/ordensverleihung-schmidt-kaerner-1-300x169.jpg 300w, https:\/\/fuer-kaliningrad.de\/wp-content\/uploads\/2019\/05\/ordensverleihung-schmidt-kaerner-1-768x432.jpg 768w, https:\/\/fuer-kaliningrad.de\/wp-content\/uploads\/2019\/05\/ordensverleihung-schmidt-kaerner-1-705x397.jpg 705w, https:\/\/fuer-kaliningrad.de\/wp-content\/uploads\/2019\/05\/ordensverleihung-schmidt-kaerner-1.jpg 1180w\" data-sizes=\"(max-width: 1030px) 100vw, 1030px\"  aria-label=\"image ordensverleihung-schmidt-kaerner\"  id='av-masonry-1-item-531' data-av-masonry-item='531' class='av-masonry-entry isotope-item post-531 attachment type-attachment status-inherit hentry  av-masonry-item-with-image av-landscape-img' title=\"ordensverleihung-schmidt-kaerner\" alt=\"\"    itemprop=\"thumbnailUrl\" ><div class='av-inner-masonry-sizer'><\/div><figure class='av-inner-masonry main_color'><div class=\"av-masonry-outerimage-container\"><div class='av-masonry-image-container' style=\"background-image: url(https:\/\/fuer-kaliningrad.de\/wp-content\/uploads\/2019\/05\/ordensverleihung-schmidt-kaerner-1-705x397.jpg);\"  title=\"ordensverleihung-schmidt-kaerner\" ><\/div><\/div><\/figure><\/a><!--end av-masonry entry--><a href=\"https:\/\/fuer-kaliningrad.de\/wp-content\/uploads\/2019\/05\/Bildschirmfoto-2019-05-04-um-16.16.07-1.png\" data-srcset=\"https:\/\/fuer-kaliningrad.de\/wp-content\/uploads\/2019\/05\/Bildschirmfoto-2019-05-04-um-16.16.07-1.png 887w, https:\/\/fuer-kaliningrad.de\/wp-content\/uploads\/2019\/05\/Bildschirmfoto-2019-05-04-um-16.16.07-1-300x201.png 300w, https:\/\/fuer-kaliningrad.de\/wp-content\/uploads\/2019\/05\/Bildschirmfoto-2019-05-04-um-16.16.07-1-768x513.png 768w, https:\/\/fuer-kaliningrad.de\/wp-content\/uploads\/2019\/05\/Bildschirmfoto-2019-05-04-um-16.16.07-1-705x471.png 705w\" data-sizes=\"(max-width: 887px) 100vw, 887px\"  aria-label=\"image Bildschirmfoto 2019-05-04 um 16.16.07\"  id='av-masonry-1-item-530' data-av-masonry-item='530' class='av-masonry-entry isotope-item post-530 attachment type-attachment status-inherit hentry  av-masonry-item-with-image av-grid-img' title=\"Bildschirmfoto 2019-05-04 um 16.16.07\" alt=\"\"    itemprop=\"thumbnailUrl\" ><div class='av-inner-masonry-sizer'><\/div><figure class='av-inner-masonry main_color'><div class=\"av-masonry-outerimage-container\"><div class='av-masonry-image-container' style=\"background-image: url(https:\/\/fuer-kaliningrad.de\/wp-content\/uploads\/2019\/05\/Bildschirmfoto-2019-05-04-um-16.16.07-1-705x471.png);\"  title=\"Bildschirmfoto 2019-05-04 um 16.16.07\" ><\/div><\/div><\/figure><\/a><!--end av-masonry entry--><a href=\"https:\/\/fuer-kaliningrad.de\/wp-content\/uploads\/2019\/05\/Bildschirmfoto-2019-05-04-um-16.16.25-1.png\" data-srcset=\"https:\/\/fuer-kaliningrad.de\/wp-content\/uploads\/2019\/05\/Bildschirmfoto-2019-05-04-um-16.16.25-1.png 886w, https:\/\/fuer-kaliningrad.de\/wp-content\/uploads\/2019\/05\/Bildschirmfoto-2019-05-04-um-16.16.25-1-300x224.png 300w, https:\/\/fuer-kaliningrad.de\/wp-content\/uploads\/2019\/05\/Bildschirmfoto-2019-05-04-um-16.16.25-1-768x575.png 768w, https:\/\/fuer-kaliningrad.de\/wp-content\/uploads\/2019\/05\/Bildschirmfoto-2019-05-04-um-16.16.25-1-705x528.png 705w\" data-sizes=\"(max-width: 886px) 100vw, 886px\"  aria-label=\"image Bildschirmfoto 2019-05-04 um 16.16.25\"  id='av-masonry-1-item-529' data-av-masonry-item='529' class='av-masonry-entry isotope-item post-529 attachment type-attachment status-inherit hentry  av-masonry-item-with-image av-grid-img' title=\"Bildschirmfoto 2019-05-04 um 16.16.25\" alt=\"\"    itemprop=\"thumbnailUrl\" ><div class='av-inner-masonry-sizer'><\/div><figure class='av-inner-masonry main_color'><div class=\"av-masonry-outerimage-container\"><div class='av-masonry-image-container' style=\"background-image: url(https:\/\/fuer-kaliningrad.de\/wp-content\/uploads\/2019\/05\/Bildschirmfoto-2019-05-04-um-16.16.25-1-705x528.png);\"  title=\"Bildschirmfoto 2019-05-04 um 16.16.25\" ><\/div><\/div><\/figure><\/a><!--end av-masonry entry--><a href=\"https:\/\/fuer-kaliningrad.de\/wp-content\/uploads\/2019\/05\/Haus-Chance-Jungendliche-1.jpg\" data-srcset=\"https:\/\/fuer-kaliningrad.de\/wp-content\/uploads\/2019\/05\/Haus-Chance-Jungendliche-1.jpg 320w, https:\/\/fuer-kaliningrad.de\/wp-content\/uploads\/2019\/05\/Haus-Chance-Jungendliche-1-300x293.jpg 300w, https:\/\/fuer-kaliningrad.de\/wp-content\/uploads\/2019\/05\/Haus-Chance-Jungendliche-1-36x36.jpg 36w\" data-sizes=\"(max-width: 320px) 100vw, 320px\"  aria-label=\"image KONICA MINOLTA DIGITAL CAMERA\"  id='av-masonry-1-item-793' data-av-masonry-item='793' class='av-masonry-entry isotope-item post-793 attachment type-attachment status-inherit hentry  av-masonry-item-with-image av-grid-img' title=\"KONICA MINOLTA DIGITAL CAMERA\" alt=\"\"    itemprop=\"thumbnailUrl\" ><div class='av-inner-masonry-sizer'><\/div><figure class='av-inner-masonry main_color'><div class=\"av-masonry-outerimage-container\"><div class='av-masonry-image-container' style=\"background-image: url(https:\/\/fuer-kaliningrad.de\/wp-content\/uploads\/2019\/05\/Haus-Chance-Jungendliche-1.jpg);\"  title=\"KONICA MINOLTA DIGITAL CAMERA\" ><\/div><\/div><\/figure><\/a><!--end av-masonry entry--><a href=\"https:\/\/fuer-kaliningrad.de\/wp-content\/uploads\/2019\/05\/Internationale-Konferenzen-1.jpg\" data-srcset=\"https:\/\/fuer-kaliningrad.de\/wp-content\/uploads\/2019\/05\/Internationale-Konferenzen-1.jpg 800w, https:\/\/fuer-kaliningrad.de\/wp-content\/uploads\/2019\/05\/Internationale-Konferenzen-1-300x200.jpg 300w, https:\/\/fuer-kaliningrad.de\/wp-content\/uploads\/2019\/05\/Internationale-Konferenzen-1-768x512.jpg 768w, https:\/\/fuer-kaliningrad.de\/wp-content\/uploads\/2019\/05\/Internationale-Konferenzen-1-705x470.jpg 705w\" data-sizes=\"(max-width: 800px) 100vw, 800px\"  aria-label=\"image Internationale Konferenzen\"  id='av-masonry-1-item-739' data-av-masonry-item='739' class='av-masonry-entry isotope-item post-739 attachment type-attachment status-inherit hentry  av-masonry-item-with-image av-grid-img' title=\"Internationale Konferenzen\" alt=\"\"    itemprop=\"thumbnailUrl\" ><div class='av-inner-masonry-sizer'><\/div><figure class='av-inner-masonry main_color'><div class=\"av-masonry-outerimage-container\"><div class='av-masonry-image-container' style=\"background-image: url(https:\/\/fuer-kaliningrad.de\/wp-content\/uploads\/2019\/05\/Internationale-Konferenzen-1-705x470.jpg);\"  title=\"Internationale Konferenzen\" ><\/div><\/div><\/figure><\/a><!--end av-masonry entry--><\/div><\/div><\/p>\n","protected":false},"excerpt":{"rendered":"","protected":false},"author":1,"featured_media":0,"parent":96,"menu_order":0,"comment_status":"open","ping_status":"open","template":"","meta":{"footnotes":""},"class_list":["post-378","page","type-page","status-publish","hentry"],"_links":{"self":[{"href":"https:\/\/fuer-kaliningrad.de\/index.php?rest_route=\/wp\/v2\/pages\/378","targetHints":{"allow":["GET"]}}],"collection":[{"href":"https:\/\/fuer-kaliningrad.de\/index.php?rest_route=\/wp\/v2\/pages"}],"about":[{"href":"https:\/\/fuer-kaliningrad.de\/index.php?rest_route=\/wp\/v2\/types\/page"}],"author":[{"embeddable":true,"href":"https:\/\/fuer-kaliningrad.de\/index.php?rest_route=\/wp\/v2\/users\/1"}],"replies":[{"embeddable":true,"href":"https:\/\/fuer-kaliningrad.de\/index.php?rest_route=%2Fwp%2Fv2%2Fcomments&post=378"}],"version-history":[{"count":0,"href":"https:\/\/fuer-kaliningrad.de\/index.php?rest_route=\/wp\/v2\/pages\/378\/revisions"}],"up":[{"embeddable":true,"href":"https:\/\/fuer-kaliningrad.de\/index.php?rest_route=\/wp\/v2\/pages\/96"}],"wp:attachment":[{"href":"https:\/\/fuer-kaliningrad.de\/index.php?rest_route=%2Fwp%2Fv2%2Fmedia&parent=378"}],"curies":[{"name":"wp","href":"https:\/\/api.w.org\/{rel}","templated":true}]}}